{"id":3862,"date":"2025-04-06T10:16:19","date_gmt":"2025-04-06T10:16:19","guid":{"rendered":"https:\/\/observatorioaccionclimatica.org\/?page_id=3862"},"modified":"2025-06-16T13:05:15","modified_gmt":"2025-06-16T13:05:15","slug":"declaracion-de-accesibilidad","status":"publish","type":"page","link":"https:\/\/observatorioaccionclimatica.org\/es_es\/declaracion-de-accesibilidad","title":{"rendered":"Declaraci\u00f3n de accesibilidad"},"content":{"rendered":"\t\t<div data-elementor-type=\"wp-page\" data-elementor-id=\"3862\" class=\"elementor elementor-3862\" data-elementor-post-type=\"page\">\n\t\t\t\t\t\t<section data-marvy_enable_drop_animation=\"false\" data-marvy_enable_fancy_rotate=\"false\" data-marvy_enable_flying_object=\"false\" data-marvy_enable_ripples_animation=\"false\" data-marvy_enable_waves_animation=\"false\" data-marvy_enable_rings_animation=\"false\" data-marvy_enable_topology_animation=\"false\" data-marvy_enable_gradient_animation=\"false\" data-marvy_enable_snow_animation=\"false\" data-marvy_enable_firework_animation=\"false\" data-marvy_enable_cloud_animation=\"false\" data-particle_enable=\"false\" data-particle-mobile-disabled=\"false\" class=\"elementor-section elementor-top-section elementor-element elementor-element-056ae32 elementor-section-boxed elementor-section-height-default elementor-section-height-default\" data-id=\"056ae32\" data-element_type=\"section\" data-e-type=\"section\">\n\t\t\t\t\t\t<div class=\"elementor-container elementor-column-gap-default\">\n\t\t\t\t\t<div class=\"elementor-column elementor-col-100 elementor-top-column elementor-element elementor-element-aae3f1c\" data-id=\"aae3f1c\" data-element_type=\"column\" data-e-type=\"column\">\n\t\t\t<div class=\"elementor-widget-wrap elementor-element-populated\">\n\t\t\t\t\t\t<div class=\"elementor-element elementor-element-233f6c8 elementor-widget elementor-widget-text-editor\" data-id=\"233f6c8\" data-element_type=\"widget\" data-e-type=\"widget\" data-widget_type=\"text-editor.default\">\n\t\t\t\t<div class=\"elementor-widget-container\">\n\t\t\t\t\t\t\t\t\t<h1><strong>Declaraci\u00f3n de accesibilidad<\/strong><\/h1><p><br \/>El Observatorio de Acci\u00f3n Clim\u00e1tica se compromete a hacer accesible su sitio web, de conformidad con el Real Decreto 1112\/2018, de 7 de septiembre, sobre accesibilidad de los sitios web y aplicaciones para dispositivos m\u00f3viles del sector p\u00fablico.<\/p><p>\u00a0<\/p><p><strong>Situaci\u00f3n de cumplimiento <br \/><\/strong>Este sitio web es conforme con el RD 1112\/2018.<br \/>Cumple con todos los requisitos de accesibilidad exigidos por la normativa.<\/p><p>\u00a0<\/p><p><strong>Preparaci\u00f3n de esta declaraci\u00f3n de accesibilidad<\/strong><br \/>Esta declaraci\u00f3n fue preparada el 6 de abril de 2025.<\/p><p>El m\u00e9todo utilizado para preparar la declaraci\u00f3n ha sido una autoevaluaci\u00f3n realizada por el propio equipo de desarrollo del Observatorio de Acci\u00f3n Clim\u00e1tica.<\/p><p>\u00a0<\/p><p><strong>Observaciones y datos de contacto<\/strong><br \/>Puede comunicar cualquier incidencia de accesibilidad o realizar sugerencias de mejora escribiendo a:<\/p><p><a href=\"mailto:observatorioaccionclimatica@gmail.com\">observatorioaccionclimatica@gmail.com<\/a><br \/>Formulario de contacto: <a href=\"https:\/\/observatorioaccionclimatica.org\/contacto\">https:\/\/observatorioaccionclimatica.org\/contacto<\/a><\/p>\t\t\t\t\t\t\t\t<\/div>\n\t\t\t\t<\/div>\n\t\t\t\t\t<\/div>\n\t\t<\/div>\n\t\t\t\t\t<\/div>\n\t\t<\/section>\n\t\t\t\t<section data-marvy_enable_drop_animation=\"false\" data-marvy_enable_fancy_rotate=\"false\" data-marvy_enable_flying_object=\"false\" data-marvy_enable_ripples_animation=\"false\" data-marvy_enable_waves_animation=\"false\" data-marvy_enable_rings_animation=\"false\" data-marvy_enable_topology_animation=\"false\" data-marvy_enable_gradient_animation=\"false\" data-marvy_enable_snow_animation=\"false\" data-marvy_enable_firework_animation=\"false\" data-marvy_enable_cloud_animation=\"false\" data-particle_enable=\"false\" data-particle-mobile-disabled=\"false\" class=\"elementor-section elementor-top-section elementor-element elementor-element-2208ce3 elementor-section-full_width elementor-section-stretched elementor-section-height-default elementor-section-height-default\" data-id=\"2208ce3\" data-element_type=\"section\" data-e-type=\"section\" data-settings=\"{&quot;stretch_section&quot;:&quot;section-stretched&quot;}\">\n\t\t\t\t\t\t<div class=\"elementor-container elementor-column-gap-no\">\n\t\t\t\t\t<div class=\"elementor-column elementor-col-100 elementor-top-column elementor-element elementor-element-17fe1ce\" data-id=\"17fe1ce\" data-element_type=\"column\" data-e-type=\"column\">\n\t\t\t<div class=\"elementor-widget-wrap elementor-element-populated\">\n\t\t\t\t\t\t<div class=\"elementor-element elementor-element-2fb86a3 elementor-widget elementor-widget-template\" data-id=\"2fb86a3\" data-element_type=\"widget\" data-e-type=\"widget\" data-widget_type=\"template.default\">\n\t\t\t\t<div class=\"elementor-widget-container\">\n\t\t\t\t\t\t\t<div class=\"elementor-template\">\n\t\t\t\t\t<div data-elementor-type=\"section\" data-elementor-id=\"3957\" class=\"elementor elementor-3957\" data-elementor-post-type=\"elementor_library\">\n\t\t\t\t\t<section data-marvy_enable_drop_animation=\"false\" data-marvy_enable_fancy_rotate=\"false\" data-marvy_enable_flying_object=\"false\" data-marvy_enable_ripples_animation=\"false\" data-marvy_enable_waves_animation=\"false\" data-marvy_enable_rings_animation=\"false\" data-marvy_enable_topology_animation=\"false\" data-marvy_enable_gradient_animation=\"false\" data-marvy_enable_snow_animation=\"false\" data-marvy_enable_firework_animation=\"false\" data-marvy_enable_cloud_animation=\"false\" data-particle_enable=\"false\" data-particle-mobile-disabled=\"false\" class=\"elementor-section elementor-top-section elementor-element elementor-element-b0ef26e elementor-section-full_width elementor-section-stretched elementor-section-content-middle elementor-section-height-default elementor-section-height-default\" data-id=\"b0ef26e\" data-element_type=\"section\" data-e-type=\"section\" data-settings=\"{&quot;stretch_section&quot;:&quot;section-stretched&quot;,&quot;background_background&quot;:&quot;classic&quot;}\">\n\t\t\t\t\t\t<div class=\"elementor-container elementor-column-gap-default\">\n\t\t\t\t\t<div class=\"elementor-column elementor-col-100 elementor-top-column elementor-element elementor-element-784060b\" data-id=\"784060b\" data-element_type=\"column\" data-e-type=\"column\">\n\t\t\t<div class=\"elementor-widget-wrap elementor-element-populated\">\n\t\t\t\t\t\t<div class=\"elementor-element elementor-element-d47edb2 elementor-widget__width-inherit elementor-widget elementor-widget-heading\" data-id=\"d47edb2\" data-element_type=\"widget\" data-e-type=\"widget\" data-widget_type=\"heading.default\">\n\t\t\t\t<div class=\"elementor-widget-container\">\n\t\t\t\t\t<h4 class=\"elementor-heading-title elementor-size-default\">PROGRAMA KIT DIGITAL COFINANCIADO POR LOS FONDOS NEXTGENERATION (EU) DEL MECANISMO DE RECUPERACI\u00d3N Y RESILIENCIA<\/h4>\t\t\t\t<\/div>\n\t\t\t\t<\/div>\n\t\t\t\t<div class=\"elementor-element elementor-element-bc8085f elementor-widget__width-auto elementor-widget elementor-widget-image\" data-id=\"bc8085f\" data-element_type=\"widget\" data-e-type=\"widget\" data-widget_type=\"image.default\">\n\t\t\t\t<div class=\"elementor-widget-container\">\n\t\t\t\t\t\t\t\t\t\t\t\t\t\t\t<img decoding=\"async\" width=\"640\" height=\"41\" src=\"https:\/\/observatorioaccionclimatica.org\/wp-content\/uploads\/2025\/04\/banner-1024x66.jpg\" class=\"attachment-large size-large wp-image-3958\" alt=\"\" srcset=\"https:\/\/observatorioaccionclimatica.org\/wp-content\/uploads\/2025\/04\/banner-1024x66.jpg 1024w, https:\/\/observatorioaccionclimatica.org\/wp-content\/uploads\/2025\/04\/banner-300x19.jpg 300w, https:\/\/observatorioaccionclimatica.org\/wp-content\/uploads\/2025\/04\/banner-768x50.jpg 768w, https:\/\/observatorioaccionclimatica.org\/wp-content\/uploads\/2025\/04\/banner.jpg 1500w\" sizes=\"(max-width: 640px) 100vw, 640px\" \/>\t\t\t\t\t\t\t\t\t\t\t\t\t\t\t<\/div>\n\t\t\t\t<\/div>\n\t\t\t\t\t<\/div>\n\t\t<\/div>\n\t\t\t\t\t<\/div>\n\t\t<\/section>\n\t\t\t\t<section data-marvy_enable_drop_animation=\"false\" data-marvy_enable_fancy_rotate=\"false\" data-marvy_enable_flying_object=\"false\" data-marvy_enable_ripples_animation=\"false\" data-marvy_enable_waves_animation=\"false\" data-marvy_enable_rings_animation=\"false\" data-marvy_enable_topology_animation=\"false\" data-marvy_enable_gradient_animation=\"false\" data-marvy_enable_snow_animation=\"false\" data-marvy_enable_firework_animation=\"false\" data-marvy_enable_cloud_animation=\"false\" data-particle_enable=\"false\" data-particle-mobile-disabled=\"false\" class=\"elementor-section elementor-top-section elementor-element elementor-element-a69099b elementor-section-full_width elementor-section-stretched elementor-section-height-min-height elementor-section-content-middle elementor-section-height-default elementor-section-items-middle\" data-id=\"a69099b\" data-element_type=\"section\" data-e-type=\"section\" data-settings=\"{&quot;stretch_section&quot;:&quot;section-stretched&quot;,&quot;background_background&quot;:&quot;classic&quot;}\">\n\t\t\t\t\t\t<div class=\"elementor-container elementor-column-gap-no\">\n\t\t\t\t\t<div class=\"elementor-column elementor-col-100 elementor-top-column elementor-element elementor-element-fba7031\" data-id=\"fba7031\" data-element_type=\"column\" data-e-type=\"column\">\n\t\t\t<div class=\"elementor-widget-wrap elementor-element-populated\">\n\t\t\t\t\t\t<div class=\"elementor-element elementor-element-1db9823 elementor-shape-circle elementor-grid-0 e-grid-align-center elementor-widget elementor-widget-social-icons\" data-id=\"1db9823\" data-element_type=\"widget\" data-e-type=\"widget\" data-widget_type=\"social-icons.default\">\n\t\t\t\t<div class=\"elementor-widget-container\">\n\t\t\t\t\t\t\t<div class=\"elementor-social-icons-wrapper elementor-grid\" role=\"list\">\n\t\t\t\t\t\t\t<span class=\"elementor-grid-item\" role=\"listitem\">\n\t\t\t\t\t<a class=\"elementor-icon elementor-social-icon elementor-social-icon-x-twitter elementor-animation-grow elementor-repeater-item-4b8f168\" href=\"https:\/\/twitter.com\/OAccionClima\" target=\"_blank\">\n\t\t\t\t\t\t<span class=\"elementor-screen-only\">X-twitter<\/span>\n\t\t\t\t\t\t<i aria-hidden=\"true\" class=\"fab fa-x-twitter\"><\/i>\t\t\t\t\t<\/a>\n\t\t\t\t<\/span>\n\t\t\t\t\t\t\t<span class=\"elementor-grid-item\" role=\"listitem\">\n\t\t\t\t\t<a class=\"elementor-icon elementor-social-icon elementor-social-icon-tiktok elementor-animation-grow elementor-repeater-item-3a1b290\" href=\"https:\/\/www.tiktok.com\/@oaccionclima\" target=\"_blank\">\n\t\t\t\t\t\t<span class=\"elementor-screen-only\">Tiktok<\/span>\n\t\t\t\t\t\t<i aria-hidden=\"true\" class=\"fab fa-tiktok\"><\/i>\t\t\t\t\t<\/a>\n\t\t\t\t<\/span>\n\t\t\t\t\t\t\t<span class=\"elementor-grid-item\" role=\"listitem\">\n\t\t\t\t\t<a class=\"elementor-icon elementor-social-icon elementor-social-icon-instagram elementor-animation-grow elementor-repeater-item-c0277d4\" href=\"https:\/\/www.instagram.com\/OAccionClima\/\" target=\"_blank\">\n\t\t\t\t\t\t<span class=\"elementor-screen-only\">Instagram<\/span>\n\t\t\t\t\t\t<i aria-hidden=\"true\" class=\"fab fa-instagram\"><\/i>\t\t\t\t\t<\/a>\n\t\t\t\t<\/span>\n\t\t\t\t\t\t\t<span class=\"elementor-grid-item\" role=\"listitem\">\n\t\t\t\t\t<a class=\"elementor-icon elementor-social-icon elementor-social-icon-facebook elementor-animation-grow elementor-repeater-item-1161fae\" href=\"https:\/\/observatorioaccionclimatica.org\/?elementor_library=kit-digital&#038;elementor-preview=3957&#038;ver=1750076040#\" target=\"_blank\">\n\t\t\t\t\t\t<span class=\"elementor-screen-only\">Facebook<\/span>\n\t\t\t\t\t\t<i aria-hidden=\"true\" class=\"fab fa-facebook\"><\/i>\t\t\t\t\t<\/a>\n\t\t\t\t<\/span>\n\t\t\t\t\t\t\t<span class=\"elementor-grid-item\" role=\"listitem\">\n\t\t\t\t\t<a class=\"elementor-icon elementor-social-icon elementor-social-icon-youtube elementor-animation-grow elementor-repeater-item-bdb20fc\" href=\"https:\/\/www.youtube.com\/channel\/UC0v6fqtWFpHg0AxMDzmMHog\" target=\"_blank\">\n\t\t\t\t\t\t<span class=\"elementor-screen-only\">Youtube<\/span>\n\t\t\t\t\t\t<i aria-hidden=\"true\" class=\"fab fa-youtube\"><\/i>\t\t\t\t\t<\/a>\n\t\t\t\t<\/span>\n\t\t\t\t\t\t\t<span class=\"elementor-grid-item\" role=\"listitem\">\n\t\t\t\t\t<a class=\"elementor-icon elementor-social-icon elementor-social-icon-spotify elementor-animation-grow elementor-repeater-item-d3e0741\" href=\"https:\/\/open.spotify.com\/show\/4nVqeD8KRZvBxeM1SlpWi7\" target=\"_blank\">\n\t\t\t\t\t\t<span class=\"elementor-screen-only\">Spotify<\/span>\n\t\t\t\t\t\t<i aria-hidden=\"true\" class=\"fab fa-spotify\"><\/i>\t\t\t\t\t<\/a>\n\t\t\t\t<\/span>\n\t\t\t\t\t\t\t<span class=\"elementor-grid-item\" role=\"listitem\">\n\t\t\t\t\t<a class=\"elementor-icon elementor-social-icon elementor-social-icon-linkedin elementor-animation-grow elementor-repeater-item-09ce479\" href=\"https:\/\/www.linkedin.com\/company\/observatorio-de-acci%C3%B3n-clim%C3%A1tica\/\" target=\"_blank\">\n\t\t\t\t\t\t<span class=\"elementor-screen-only\">Linkedin<\/span>\n\t\t\t\t\t\t<i aria-hidden=\"true\" class=\"fab fa-linkedin\"><\/i>\t\t\t\t\t<\/a>\n\t\t\t\t<\/span>\n\t\t\t\t\t<\/div>\n\t\t\t\t\t\t<\/div>\n\t\t\t\t<\/div>\n\t\t\t\t\t<\/div>\n\t\t<\/div>\n\t\t\t\t\t<\/div>\n\t\t<\/section>\n\t\t\t\t<\/div>\n\t\t\t\t<\/div>\n\t\t\t\t\t\t<\/div>\n\t\t\t\t<\/div>\n\t\t\t\t\t<\/div>\n\t\t<\/div>\n\t\t\t\t\t<\/div>\n\t\t<\/section>\n\t\t\t\t<\/div>\n\t\t","protected":false},"excerpt":{"rendered":"<p>Declaraci\u00f3n de accesibilidad El Observatorio de Acci\u00f3n Clim\u00e1tica se compromete a hacer accesible su sitio web, de conformidad con el Real Decreto 1112\/2018, de 7 de septiembre, sobre accesibilidad de los sitios web y aplicaciones para dispositivos m\u00f3viles del sector p\u00fablico. \u00a0 Situaci\u00f3n de cumplimiento Este sitio web es conforme con el RD 1112\/2018.Cumple con todos los requisitos de accesibilidad&#8230;<\/p>\n","protected":false},"author":1,"featured_media":0,"parent":0,"menu_order":0,"comment_status":"closed","ping_status":"closed","template":"elementor_header_footer","meta":{"footnotes":""},"class_list":["post-3862","page","type-page","status-publish","hentry"],"yoast_head":"<!-- This site is optimized with the Yoast SEO plugin v27.4 - https:\/\/yoast.com\/product\/yoast-seo-wordpress\/ -->\n<title>Declaraci\u00f3n de accesibilidad - OAC<\/title>\n<meta name=\"description\" content=\"Consulta la declaraci\u00f3n de accesibilidad del Observatorio de Acci\u00f3n Clim\u00e1tica y nuestro compromiso con un sitio web accesible para todas las personas.\" \/>\n<meta name=\"robots\" content=\"index, follow, max-snippet:-1, max-image-preview:large, max-video-preview:-1\" \/>\n<link rel=\"canonical\" href=\"https:\/\/observatorioaccionclimatica.org\/es_es\/declaracion-de-accesibilidad\/\" \/>\n<meta property=\"og:locale\" content=\"es_ES\" \/>\n<meta property=\"og:type\" content=\"article\" \/>\n<meta property=\"og:title\" content=\"Declaraci\u00f3n de accesibilidad - OAC\" \/>\n<meta property=\"og:description\" content=\"Consulta la declaraci\u00f3n de accesibilidad del Observatorio de Acci\u00f3n Clim\u00e1tica y nuestro compromiso con un sitio web accesible para todas las personas.\" \/>\n<meta property=\"og:url\" content=\"https:\/\/observatorioaccionclimatica.org\/es_es\/declaracion-de-accesibilidad\/\" \/>\n<meta property=\"og:site_name\" content=\"OAC\" \/>\n<meta property=\"article:modified_time\" content=\"2025-06-16T13:05:15+00:00\" \/>\n<meta property=\"og:image\" content=\"https:\/\/observatorioaccionclimatica.org\/wp-content\/uploads\/2022\/12\/Screenshot-2022-12-04-at-19.03.17.png\" \/>\n\t<meta property=\"og:image:width\" content=\"2136\" \/>\n\t<meta property=\"og:image:height\" content=\"988\" \/>\n\t<meta property=\"og:image:type\" content=\"image\/png\" \/>\n<meta name=\"twitter:card\" content=\"summary_large_image\" \/>\n<meta name=\"twitter:site\" content=\"@OAccionClima\" \/>\n<meta name=\"twitter:label1\" content=\"Tiempo de lectura\" \/>\n\t<meta name=\"twitter:data1\" content=\"2 minutos\" \/>\n<script type=\"application\/ld+json\" class=\"yoast-schema-graph\">{\"@context\":\"https:\\\/\\\/schema.org\",\"@graph\":[{\"@type\":\"WebPage\",\"@id\":\"https:\\\/\\\/observatorioaccionclimatica.org\\\/declaracion-de-accesibilidad\",\"url\":\"https:\\\/\\\/observatorioaccionclimatica.org\\\/declaracion-de-accesibilidad\",\"name\":\"Declaraci\u00f3n de accesibilidad - OAC\",\"isPartOf\":{\"@id\":\"https:\\\/\\\/observatorioaccionclimatica.org\\\/#website\"},\"datePublished\":\"2025-04-06T10:16:19+00:00\",\"dateModified\":\"2025-06-16T13:05:15+00:00\",\"description\":\"Consulta la declaraci\u00f3n de accesibilidad del Observatorio de Acci\u00f3n Clim\u00e1tica y nuestro compromiso con un sitio web accesible para todas las personas.\",\"breadcrumb\":{\"@id\":\"https:\\\/\\\/observatorioaccionclimatica.org\\\/declaracion-de-accesibilidad#breadcrumb\"},\"inLanguage\":\"es\",\"potentialAction\":[{\"@type\":\"ReadAction\",\"target\":[\"https:\\\/\\\/observatorioaccionclimatica.org\\\/declaracion-de-accesibilidad\"]}]},{\"@type\":\"BreadcrumbList\",\"@id\":\"https:\\\/\\\/observatorioaccionclimatica.org\\\/declaracion-de-accesibilidad#breadcrumb\",\"itemListElement\":[{\"@type\":\"ListItem\",\"position\":1,\"name\":\"Portada\",\"item\":\"https:\\\/\\\/observatorioaccionclimatica.org\\\/\"},{\"@type\":\"ListItem\",\"position\":2,\"name\":\"Declaraci\u00f3n de accesibilidad\"}]},{\"@type\":\"WebSite\",\"@id\":\"https:\\\/\\\/observatorioaccionclimatica.org\\\/#website\",\"url\":\"https:\\\/\\\/observatorioaccionclimatica.org\\\/\",\"name\":\"Acci\u00f3n Clim\u00e1tica y Sostenibilidad | Observatorio de Acci\u00f3n Clim\u00e1tica\",\"description\":\"Observatorio de Acci\u00f3n Clim\u00e1tica | OAC\",\"publisher\":{\"@id\":\"https:\\\/\\\/observatorioaccionclimatica.org\\\/#organization\"},\"alternateName\":\"Acci\u00f3n Clim\u00e1tica y Sostenibilidad | Observatorio de Acci\u00f3n Clim\u00e1tica | OAC\",\"potentialAction\":[{\"@type\":\"SearchAction\",\"target\":{\"@type\":\"EntryPoint\",\"urlTemplate\":\"https:\\\/\\\/observatorioaccionclimatica.org\\\/?s={search_term_string}\"},\"query-input\":{\"@type\":\"PropertyValueSpecification\",\"valueRequired\":true,\"valueName\":\"search_term_string\"}}],\"inLanguage\":\"es\"},{\"@type\":\"Organization\",\"@id\":\"https:\\\/\\\/observatorioaccionclimatica.org\\\/#organization\",\"name\":\"Acci\u00f3n Clim\u00e1tica y Sostenibilidad | Observatorio de Acci\u00f3n Clim\u00e1tica\",\"alternateName\":\"OAC\",\"url\":\"https:\\\/\\\/observatorioaccionclimatica.org\\\/\",\"logo\":{\"@type\":\"ImageObject\",\"inLanguage\":\"es\",\"@id\":\"https:\\\/\\\/observatorioaccionclimatica.org\\\/#\\\/schema\\\/logo\\\/image\\\/\",\"url\":\"https:\\\/\\\/observatorioaccionclimatica.org\\\/wp-content\\\/uploads\\\/2022\\\/10\\\/cropped-Logo-OAC-Negativo.png\",\"contentUrl\":\"https:\\\/\\\/observatorioaccionclimatica.org\\\/wp-content\\\/uploads\\\/2022\\\/10\\\/cropped-Logo-OAC-Negativo.png\",\"width\":1087,\"height\":605,\"caption\":\"Acci\u00f3n Clim\u00e1tica y Sostenibilidad | Observatorio de Acci\u00f3n Clim\u00e1tica\"},\"image\":{\"@id\":\"https:\\\/\\\/observatorioaccionclimatica.org\\\/#\\\/schema\\\/logo\\\/image\\\/\"},\"sameAs\":[\"https:\\\/\\\/x.com\\\/OAccionClima\",\"https:\\\/\\\/www.instagram.com\\\/oaccionclima\\\/\",\"https:\\\/\\\/www.linkedin.com\\\/company\\\/observatorio-de-acci\u00f3n-clim\u00e1tica\\\/\",\"https:\\\/\\\/www.youtube.com\\\/channel\\\/UC0v6fqtWFpHg0AxMDzmMHog\",\"https:\\\/\\\/open.spotify.com\\\/show\\\/4nVqeD8KRZvBxeM1SlpWi7\",\"https:\\\/\\\/www.tiktok.com\\\/@oaccionclima\"]}]}<\/script>\n<!-- \/ Yoast SEO plugin. -->","yoast_head_json":{"title":"Declaraci\u00f3n de accesibilidad - OAC","description":"Consulta la declaraci\u00f3n de accesibilidad del Observatorio de Acci\u00f3n Clim\u00e1tica y nuestro compromiso con un sitio web accesible para todas las personas.","robots":{"index":"index","follow":"follow","max-snippet":"max-snippet:-1","max-image-preview":"max-image-preview:large","max-video-preview":"max-video-preview:-1"},"canonical":"https:\/\/observatorioaccionclimatica.org\/es_es\/declaracion-de-accesibilidad\/","og_locale":"es_ES","og_type":"article","og_title":"Declaraci\u00f3n de accesibilidad - OAC","og_description":"Consulta la declaraci\u00f3n de accesibilidad del Observatorio de Acci\u00f3n Clim\u00e1tica y nuestro compromiso con un sitio web accesible para todas las personas.","og_url":"https:\/\/observatorioaccionclimatica.org\/es_es\/declaracion-de-accesibilidad\/","og_site_name":"OAC","article_modified_time":"2025-06-16T13:05:15+00:00","og_image":[{"width":2136,"height":988,"url":"https:\/\/observatorioaccionclimatica.org\/wp-content\/uploads\/2022\/12\/Screenshot-2022-12-04-at-19.03.17.png","type":"image\/png"}],"twitter_card":"summary_large_image","twitter_site":"@OAccionClima","twitter_misc":{"Tiempo de lectura":"2 minutos"},"schema":{"@context":"https:\/\/schema.org","@graph":[{"@type":"WebPage","@id":"https:\/\/observatorioaccionclimatica.org\/declaracion-de-accesibilidad","url":"https:\/\/observatorioaccionclimatica.org\/declaracion-de-accesibilidad","name":"Declaraci\u00f3n de accesibilidad - OAC","isPartOf":{"@id":"https:\/\/observatorioaccionclimatica.org\/#website"},"datePublished":"2025-04-06T10:16:19+00:00","dateModified":"2025-06-16T13:05:15+00:00","description":"Consulta la declaraci\u00f3n de accesibilidad del Observatorio de Acci\u00f3n Clim\u00e1tica y nuestro compromiso con un sitio web accesible para todas las personas.","breadcrumb":{"@id":"https:\/\/observatorioaccionclimatica.org\/declaracion-de-accesibilidad#breadcrumb"},"inLanguage":"es","potentialAction":[{"@type":"ReadAction","target":["https:\/\/observatorioaccionclimatica.org\/declaracion-de-accesibilidad"]}]},{"@type":"BreadcrumbList","@id":"https:\/\/observatorioaccionclimatica.org\/declaracion-de-accesibilidad#breadcrumb","itemListElement":[{"@type":"ListItem","position":1,"name":"Portada","item":"https:\/\/observatorioaccionclimatica.org\/"},{"@type":"ListItem","position":2,"name":"Declaraci\u00f3n de accesibilidad"}]},{"@type":"WebSite","@id":"https:\/\/observatorioaccionclimatica.org\/#website","url":"https:\/\/observatorioaccionclimatica.org\/","name":"Acci\u00f3n Clim\u00e1tica y Sostenibilidad | Observatorio de Acci\u00f3n Clim\u00e1tica","description":"Observatorio de Acci\u00f3n Clim\u00e1tica | OAC","publisher":{"@id":"https:\/\/observatorioaccionclimatica.org\/#organization"},"alternateName":"Acci\u00f3n Clim\u00e1tica y Sostenibilidad | Observatorio de Acci\u00f3n Clim\u00e1tica | OAC","potentialAction":[{"@type":"SearchAction","target":{"@type":"EntryPoint","urlTemplate":"https:\/\/observatorioaccionclimatica.org\/?s={search_term_string}"},"query-input":{"@type":"PropertyValueSpecification","valueRequired":true,"valueName":"search_term_string"}}],"inLanguage":"es"},{"@type":"Organization","@id":"https:\/\/observatorioaccionclimatica.org\/#organization","name":"Acci\u00f3n Clim\u00e1tica y Sostenibilidad | Observatorio de Acci\u00f3n Clim\u00e1tica","alternateName":"OAC","url":"https:\/\/observatorioaccionclimatica.org\/","logo":{"@type":"ImageObject","inLanguage":"es","@id":"https:\/\/observatorioaccionclimatica.org\/#\/schema\/logo\/image\/","url":"https:\/\/observatorioaccionclimatica.org\/wp-content\/uploads\/2022\/10\/cropped-Logo-OAC-Negativo.png","contentUrl":"https:\/\/observatorioaccionclimatica.org\/wp-content\/uploads\/2022\/10\/cropped-Logo-OAC-Negativo.png","width":1087,"height":605,"caption":"Acci\u00f3n Clim\u00e1tica y Sostenibilidad | Observatorio de Acci\u00f3n Clim\u00e1tica"},"image":{"@id":"https:\/\/observatorioaccionclimatica.org\/#\/schema\/logo\/image\/"},"sameAs":["https:\/\/x.com\/OAccionClima","https:\/\/www.instagram.com\/oaccionclima\/","https:\/\/www.linkedin.com\/company\/observatorio-de-acci\u00f3n-clim\u00e1tica\/","https:\/\/www.youtube.com\/channel\/UC0v6fqtWFpHg0AxMDzmMHog","https:\/\/open.spotify.com\/show\/4nVqeD8KRZvBxeM1SlpWi7","https:\/\/www.tiktok.com\/@oaccionclima"]}]}},"_links":{"self":[{"href":"https:\/\/observatorioaccionclimatica.org\/es_es\/wp-json\/wp\/v2\/pages\/3862","targetHints":{"allow":["GET"]}}],"collection":[{"href":"https:\/\/observatorioaccionclimatica.org\/es_es\/wp-json\/wp\/v2\/pages"}],"about":[{"href":"https:\/\/observatorioaccionclimatica.org\/es_es\/wp-json\/wp\/v2\/types\/page"}],"author":[{"embeddable":true,"href":"https:\/\/observatorioaccionclimatica.org\/es_es\/wp-json\/wp\/v2\/users\/1"}],"replies":[{"embeddable":true,"href":"https:\/\/observatorioaccionclimatica.org\/es_es\/wp-json\/wp\/v2\/comments?post=3862"}],"version-history":[{"count":22,"href":"https:\/\/observatorioaccionclimatica.org\/es_es\/wp-json\/wp\/v2\/pages\/3862\/revisions"}],"predecessor-version":[{"id":4368,"href":"https:\/\/observatorioaccionclimatica.org\/es_es\/wp-json\/wp\/v2\/pages\/3862\/revisions\/4368"}],"wp:attachment":[{"href":"https:\/\/observatorioaccionclimatica.org\/es_es\/wp-json\/wp\/v2\/media?parent=3862"}],"curies":[{"name":"wp","href":"https:\/\/api.w.org\/{rel}","templated":true}]}}