{"id":2003,"date":"2023-09-09T15:29:03","date_gmt":"2023-09-09T15:29:03","guid":{"rendered":"https:\/\/observatorioaccionclimatica.org\/affiliate-reset-password"},"modified":"2025-04-07T13:28:20","modified_gmt":"2025-04-07T13:28:20","slug":"affiliate-reset-password","status":"publish","type":"page","link":"https:\/\/observatorioaccionclimatica.org\/en\/affiliate-reset-password","title":{"rendered":"Affiliate Reset Password"},"content":{"rendered":"<p>[slicewp_affiliate_reset_password]<\/p>\n","protected":false},"excerpt":{"rendered":"<p>[slicewp_affiliate_reset_password]<\/p>\n","protected":false},"author":1,"featured_media":0,"parent":0,"menu_order":0,"comment_status":"closed","ping_status":"closed","template":"","meta":{"footnotes":""},"class_list":["post-2003","page","type-page","status-publish","hentry"],"yoast_head":"<!-- This site is optimized with the Yoast SEO plugin v27.4 - https:\/\/yoast.com\/product\/yoast-seo-wordpress\/ -->\n<title>Affiliate Reset Password - OAC<\/title>\n<meta name=\"description\" content=\"Affiliate reset password - OAC\" \/>\n<meta name=\"robots\" content=\"index, follow, max-snippet:-1, max-image-preview:large, max-video-preview:-1\" \/>\n<link rel=\"canonical\" href=\"https:\/\/observatorioaccionclimatica.org\/en\/affiliate-reset-password\/\" \/>\n<meta property=\"og:locale\" content=\"en_GB\" \/>\n<meta property=\"og:type\" content=\"article\" \/>\n<meta property=\"og:title\" content=\"Affiliate Reset Password - OAC\" \/>\n<meta property=\"og:description\" content=\"Affiliate reset password - OAC\" \/>\n<meta property=\"og:url\" content=\"https:\/\/observatorioaccionclimatica.org\/en\/affiliate-reset-password\/\" \/>\n<meta property=\"og:site_name\" content=\"OAC\" \/>\n<meta property=\"article:modified_time\" content=\"2025-04-07T13:28:20+00:00\" \/>\n<meta property=\"og:image\" content=\"https:\/\/observatorioaccionclimatica.org\/wp-content\/uploads\/2022\/12\/Screenshot-2022-12-04-at-19.03.17.png\" \/>\n\t<meta property=\"og:image:width\" content=\"2136\" \/>\n\t<meta property=\"og:image:height\" content=\"988\" \/>\n\t<meta property=\"og:image:type\" content=\"image\/png\" \/>\n<meta name=\"twitter:card\" content=\"summary_large_image\" \/>\n<meta name=\"twitter:site\" content=\"@OAccionClima\" \/>\n<meta name=\"twitter:label1\" content=\"Estimated reading time\" \/>\n\t<meta name=\"twitter:data1\" content=\"1 minute\" \/>\n<script type=\"application\/ld+json\" class=\"yoast-schema-graph\">{\"@context\":\"https:\\\/\\\/schema.org\",\"@graph\":[{\"@type\":\"WebPage\",\"@id\":\"https:\\\/\\\/observatorioaccionclimatica.org\\\/affiliate-reset-password\",\"url\":\"https:\\\/\\\/observatorioaccionclimatica.org\\\/affiliate-reset-password\",\"name\":\"Affiliate Reset Password - OAC\",\"isPartOf\":{\"@id\":\"https:\\\/\\\/observatorioaccionclimatica.org\\\/#website\"},\"datePublished\":\"2023-09-09T15:29:03+00:00\",\"dateModified\":\"2025-04-07T13:28:20+00:00\",\"description\":\"Affiliate reset password - OAC\",\"breadcrumb\":{\"@id\":\"https:\\\/\\\/observatorioaccionclimatica.org\\\/affiliate-reset-password#breadcrumb\"},\"inLanguage\":\"en-GB\",\"potentialAction\":[{\"@type\":\"ReadAction\",\"target\":[\"https:\\\/\\\/observatorioaccionclimatica.org\\\/affiliate-reset-password\"]}]},{\"@type\":\"BreadcrumbList\",\"@id\":\"https:\\\/\\\/observatorioaccionclimatica.org\\\/affiliate-reset-password#breadcrumb\",\"itemListElement\":[{\"@type\":\"ListItem\",\"position\":1,\"name\":\"Portada\",\"item\":\"https:\\\/\\\/observatorioaccionclimatica.org\\\/\"},{\"@type\":\"ListItem\",\"position\":2,\"name\":\"Affiliate Reset Password\"}]},{\"@type\":\"WebSite\",\"@id\":\"https:\\\/\\\/observatorioaccionclimatica.org\\\/#website\",\"url\":\"https:\\\/\\\/observatorioaccionclimatica.org\\\/\",\"name\":\"Acci\u00f3n Clim\u00e1tica y Sostenibilidad | Observatorio de Acci\u00f3n Clim\u00e1tica\",\"description\":\"Observatorio de Acci\u00f3n Clim\u00e1tica | OAC\",\"publisher\":{\"@id\":\"https:\\\/\\\/observatorioaccionclimatica.org\\\/#organization\"},\"alternateName\":\"Acci\u00f3n Clim\u00e1tica y Sostenibilidad | Observatorio de Acci\u00f3n Clim\u00e1tica | OAC\",\"potentialAction\":[{\"@type\":\"SearchAction\",\"target\":{\"@type\":\"EntryPoint\",\"urlTemplate\":\"https:\\\/\\\/observatorioaccionclimatica.org\\\/?s={search_term_string}\"},\"query-input\":{\"@type\":\"PropertyValueSpecification\",\"valueRequired\":true,\"valueName\":\"search_term_string\"}}],\"inLanguage\":\"en-GB\"},{\"@type\":\"Organization\",\"@id\":\"https:\\\/\\\/observatorioaccionclimatica.org\\\/#organization\",\"name\":\"Acci\u00f3n Clim\u00e1tica y Sostenibilidad | Observatorio de Acci\u00f3n Clim\u00e1tica\",\"alternateName\":\"OAC\",\"url\":\"https:\\\/\\\/observatorioaccionclimatica.org\\\/\",\"logo\":{\"@type\":\"ImageObject\",\"inLanguage\":\"en-GB\",\"@id\":\"https:\\\/\\\/observatorioaccionclimatica.org\\\/#\\\/schema\\\/logo\\\/image\\\/\",\"url\":\"https:\\\/\\\/observatorioaccionclimatica.org\\\/wp-content\\\/uploads\\\/2022\\\/10\\\/cropped-Logo-OAC-Negativo.png\",\"contentUrl\":\"https:\\\/\\\/observatorioaccionclimatica.org\\\/wp-content\\\/uploads\\\/2022\\\/10\\\/cropped-Logo-OAC-Negativo.png\",\"width\":1087,\"height\":605,\"caption\":\"Acci\u00f3n Clim\u00e1tica y Sostenibilidad | Observatorio de Acci\u00f3n Clim\u00e1tica\"},\"image\":{\"@id\":\"https:\\\/\\\/observatorioaccionclimatica.org\\\/#\\\/schema\\\/logo\\\/image\\\/\"},\"sameAs\":[\"https:\\\/\\\/x.com\\\/OAccionClima\",\"https:\\\/\\\/www.instagram.com\\\/oaccionclima\\\/\",\"https:\\\/\\\/www.linkedin.com\\\/company\\\/observatorio-de-acci\u00f3n-clim\u00e1tica\\\/\",\"https:\\\/\\\/www.youtube.com\\\/channel\\\/UC0v6fqtWFpHg0AxMDzmMHog\",\"https:\\\/\\\/open.spotify.com\\\/show\\\/4nVqeD8KRZvBxeM1SlpWi7\",\"https:\\\/\\\/www.tiktok.com\\\/@oaccionclima\"]}]}<\/script>\n<!-- \/ Yoast SEO plugin. -->","yoast_head_json":{"title":"Affiliate Reset Password - OAC","description":"Affiliate reset password - OAC","robots":{"index":"index","follow":"follow","max-snippet":"max-snippet:-1","max-image-preview":"max-image-preview:large","max-video-preview":"max-video-preview:-1"},"canonical":"https:\/\/observatorioaccionclimatica.org\/en\/affiliate-reset-password\/","og_locale":"en_GB","og_type":"article","og_title":"Affiliate Reset Password - OAC","og_description":"Affiliate reset password - OAC","og_url":"https:\/\/observatorioaccionclimatica.org\/en\/affiliate-reset-password\/","og_site_name":"OAC","article_modified_time":"2025-04-07T13:28:20+00:00","og_image":[{"width":2136,"height":988,"url":"https:\/\/observatorioaccionclimatica.org\/wp-content\/uploads\/2022\/12\/Screenshot-2022-12-04-at-19.03.17.png","type":"image\/png"}],"twitter_card":"summary_large_image","twitter_site":"@OAccionClima","twitter_misc":{"Estimated reading time":"1 minute"},"schema":{"@context":"https:\/\/schema.org","@graph":[{"@type":"WebPage","@id":"https:\/\/observatorioaccionclimatica.org\/affiliate-reset-password","url":"https:\/\/observatorioaccionclimatica.org\/affiliate-reset-password","name":"Affiliate Reset Password - OAC","isPartOf":{"@id":"https:\/\/observatorioaccionclimatica.org\/#website"},"datePublished":"2023-09-09T15:29:03+00:00","dateModified":"2025-04-07T13:28:20+00:00","description":"Affiliate reset password - OAC","breadcrumb":{"@id":"https:\/\/observatorioaccionclimatica.org\/affiliate-reset-password#breadcrumb"},"inLanguage":"en-GB","potentialAction":[{"@type":"ReadAction","target":["https:\/\/observatorioaccionclimatica.org\/affiliate-reset-password"]}]},{"@type":"BreadcrumbList","@id":"https:\/\/observatorioaccionclimatica.org\/affiliate-reset-password#breadcrumb","itemListElement":[{"@type":"ListItem","position":1,"name":"Portada","item":"https:\/\/observatorioaccionclimatica.org\/"},{"@type":"ListItem","position":2,"name":"Affiliate Reset Password"}]},{"@type":"WebSite","@id":"https:\/\/observatorioaccionclimatica.org\/#website","url":"https:\/\/observatorioaccionclimatica.org\/","name":"Acci\u00f3n Clim\u00e1tica y Sostenibilidad | Observatorio de Acci\u00f3n Clim\u00e1tica","description":"Observatorio de Acci\u00f3n Clim\u00e1tica | OAC","publisher":{"@id":"https:\/\/observatorioaccionclimatica.org\/#organization"},"alternateName":"Acci\u00f3n Clim\u00e1tica y Sostenibilidad | Observatorio de Acci\u00f3n Clim\u00e1tica | OAC","potentialAction":[{"@type":"SearchAction","target":{"@type":"EntryPoint","urlTemplate":"https:\/\/observatorioaccionclimatica.org\/?s={search_term_string}"},"query-input":{"@type":"PropertyValueSpecification","valueRequired":true,"valueName":"search_term_string"}}],"inLanguage":"en-GB"},{"@type":"Organization","@id":"https:\/\/observatorioaccionclimatica.org\/#organization","name":"Acci\u00f3n Clim\u00e1tica y Sostenibilidad | Observatorio de Acci\u00f3n Clim\u00e1tica","alternateName":"OAC","url":"https:\/\/observatorioaccionclimatica.org\/","logo":{"@type":"ImageObject","inLanguage":"en-GB","@id":"https:\/\/observatorioaccionclimatica.org\/#\/schema\/logo\/image\/","url":"https:\/\/observatorioaccionclimatica.org\/wp-content\/uploads\/2022\/10\/cropped-Logo-OAC-Negativo.png","contentUrl":"https:\/\/observatorioaccionclimatica.org\/wp-content\/uploads\/2022\/10\/cropped-Logo-OAC-Negativo.png","width":1087,"height":605,"caption":"Acci\u00f3n Clim\u00e1tica y Sostenibilidad | Observatorio de Acci\u00f3n Clim\u00e1tica"},"image":{"@id":"https:\/\/observatorioaccionclimatica.org\/#\/schema\/logo\/image\/"},"sameAs":["https:\/\/x.com\/OAccionClima","https:\/\/www.instagram.com\/oaccionclima\/","https:\/\/www.linkedin.com\/company\/observatorio-de-acci\u00f3n-clim\u00e1tica\/","https:\/\/www.youtube.com\/channel\/UC0v6fqtWFpHg0AxMDzmMHog","https:\/\/open.spotify.com\/show\/4nVqeD8KRZvBxeM1SlpWi7","https:\/\/www.tiktok.com\/@oaccionclima"]}]}},"_links":{"self":[{"href":"https:\/\/observatorioaccionclimatica.org\/en\/wp-json\/wp\/v2\/pages\/2003","targetHints":{"allow":["GET"]}}],"collection":[{"href":"https:\/\/observatorioaccionclimatica.org\/en\/wp-json\/wp\/v2\/pages"}],"about":[{"href":"https:\/\/observatorioaccionclimatica.org\/en\/wp-json\/wp\/v2\/types\/page"}],"author":[{"embeddable":true,"href":"https:\/\/observatorioaccionclimatica.org\/en\/wp-json\/wp\/v2\/users\/1"}],"replies":[{"embeddable":true,"href":"https:\/\/observatorioaccionclimatica.org\/en\/wp-json\/wp\/v2\/comments?post=2003"}],"version-history":[{"count":1,"href":"https:\/\/observatorioaccionclimatica.org\/en\/wp-json\/wp\/v2\/pages\/2003\/revisions"}],"predecessor-version":[{"id":4053,"href":"https:\/\/observatorioaccionclimatica.org\/en\/wp-json\/wp\/v2\/pages\/2003\/revisions\/4053"}],"wp:attachment":[{"href":"https:\/\/observatorioaccionclimatica.org\/en\/wp-json\/wp\/v2\/media?parent=2003"}],"curies":[{"name":"wp","href":"https:\/\/api.w.org\/{rel}","templated":true}]}}